{"id":48,"date":"2017-06-14T14:19:14","date_gmt":"2017-06-14T12:19:14","guid":{"rendered":"http:\/\/mieterausbau.erikherbert.de\/?page_id=48"},"modified":"2026-01-06T08:31:55","modified_gmt":"2026-01-06T07:31:55","slug":"preise","status":"publish","type":"page","link":"https:\/\/www.fewo-lilienstein.de\/en\/preise\/","title":{"rendered":"Prices"},"content":{"rendered":"<h3 class=\"price\">G\u00fcltig von Anfang April bis Ende Oktober<\/h3>\n<p>Grund zur Freude! Bei uns sind alle Preise inklusive Nebenkosten und Endreinigung. Die Bettw\u00e4sche, Handt\u00fccher, Geschirrt\u00fccher sowie Tabs f\u00fcr den Geschirrsp\u00fcler werden von uns gestellt.<\/p>\n<p>Eine Vermietung ist ab 6 \u00dcbernachtungen m\u00f6glich.<\/p>\n<table class=\"pricetable\" style=\"height: 147px;\" width=\"683\">\n<tbody>\n<tr class=\"head\">\n<td><span style=\"color: #000080;\"><strong>2 people<\/strong><\/span><\/td>\n<td><span style=\"color: #000080;\"><strong>3 people<\/strong><\/span><\/td>\n<td><span style=\"color: #000080;\"><strong>4 people<\/strong><\/span><\/td>\n<td><span style=\"color: #000080;\"><strong>5 people<\/strong><\/span><\/td>\n<\/tr>\n<tr>\n<td>ab 80,00 \u20ac je Nacht *<\/td>\n<td>ab 95,00 \u20ac je Nacht<\/td>\n<td>ab 105,00 \u20ac je Nacht<\/td>\n<td>ab 115,00 \u20ac je Nacht<\/td>\n<\/tr>\n<tr>\n<td>Extra bed<\/td>\n<td colspan=\"3\">zus\u00e4tzlich 10,00 \u20ac je Nacht und Person<\/td>\n<\/tr>\n<tr>\n<td colspan=\"4\"><em><sup>*<\/sup>\u00a0only with bedroom 1<\/em><\/td>\n<\/tr>\n<\/tbody>\n<\/table>\n<h3>Visitor\u2019s tax<\/h3>\n<p>Die Stadt K\u00f6nigstein berechnet f\u00fcr \u00dcbernachtungen folgende Beitr\u00e4ge:<\/p>\n<table style=\"height: 135px;\" width=\"577\">\n<tbody>\n<tr>\n<td width=\"346\"><span style=\"color: #000080;\"><strong>G\u00e4stetaxe je Tag<\/strong><\/span><\/td>\n<td width=\"147\"><span style=\"color: #000080;\"><strong>Preis<\/strong><\/span><\/td>\n<\/tr>\n<tr>\n<td>Erwachsene<\/td>\n<td>3,00 \u20ac<\/td>\n<\/tr>\n<tr>\n<td>Kinder, Jugendliche (7-17 Jahre)<\/td>\n<td>2,50 \u20ac<\/td>\n<\/tr>\n<tr>\n<td>Sch\u00fcler, Azubis, Studenten (18-27 Jahre)<\/td>\n<td>2,50 \u20ac<\/td>\n<\/tr>\n<tr>\n<td>Schwerbehinderte ab 50% Behinderung<\/td>\n<td>2,50 \u20ac<\/td>\n<\/tr>\n<\/tbody>\n<\/table>","protected":false},"excerpt":{"rendered":"<p>G\u00fcltig von Anfang April bis Ende Oktober Grund zur Freude! Bei uns sind alle Preise inklusive Nebenkosten und Endreinigung. Die Bettw\u00e4sche, Handt\u00fccher, Geschirrt\u00fccher sowie Tabs f\u00fcr den Geschirrsp\u00fcler werden von uns gestellt. Eine Vermietung ist ab 6 \u00dcbernachtungen m\u00f6glich. 2 Personen 3 Personen 4 Personen 5 Personen ab 80,00 \u20ac je Nacht * ab 95,00&hellip; <a href=\"https:\/\/www.fewo-lilienstein.de\/en\/preise\/\" class=\"more-link\">Continue reading <span class=\"screen-reader-text\">Prices<\/span><\/a><\/p>","protected":false},"author":1,"featured_media":0,"parent":0,"menu_order":0,"comment_status":"closed","ping_status":"closed","template":"","meta":{"footnotes":""},"class_list":["post-48","page","type-page","status-publish","hentry"],"yoast_head":"<!-- This site is optimized with the Yoast SEO plugin v27.5 - https:\/\/yoast.com\/product\/yoast-seo-wordpress\/ -->\n<title>Preise &#8226; Ferienwohnung am Lilienstein<\/title>\n<meta name=\"robots\" content=\"index, follow, max-snippet:-1, max-image-preview:large, max-video-preview:-1\" \/>\n<link rel=\"canonical\" href=\"https:\/\/www.fewo-lilienstein.de\/en\/preise\/\" \/>\n<meta property=\"og:locale\" content=\"en_GB\" \/>\n<meta property=\"og:type\" content=\"article\" \/>\n<meta property=\"og:title\" content=\"Preise &#8226; Ferienwohnung am Lilienstein\" \/>\n<meta property=\"og:description\" content=\"G\u00fcltig von Anfang April bis Ende Oktober Grund zur Freude! Bei uns sind alle Preise inklusive Nebenkosten und Endreinigung. Die Bettw\u00e4sche, Handt\u00fccher, Geschirrt\u00fccher sowie Tabs f\u00fcr den Geschirrsp\u00fcler werden von uns gestellt. Eine Vermietung ist ab 6 \u00dcbernachtungen m\u00f6glich. 2 Personen 3 Personen 4 Personen 5 Personen ab 80,00 \u20ac je Nacht * ab 95,00&hellip; Continue reading Preise\" \/>\n<meta property=\"og:url\" content=\"https:\/\/www.fewo-lilienstein.de\/en\/preise\/\" \/>\n<meta property=\"og:site_name\" content=\"Ferienwohnung am Lilienstein\" \/>\n<meta property=\"article:modified_time\" content=\"2026-01-06T07:31:55+00:00\" \/>\n<meta name=\"twitter:card\" content=\"summary_large_image\" \/>\n<meta name=\"twitter:label1\" content=\"Estimated reading time\" \/>\n\t<meta name=\"twitter:data1\" content=\"1 minute\" \/>\n<script type=\"application\/ld+json\" class=\"yoast-schema-graph\">{\"@context\":\"https:\\\/\\\/schema.org\",\"@graph\":[{\"@type\":\"WebPage\",\"@id\":\"https:\\\/\\\/www.fewo-lilienstein.de\\\/preise\\\/\",\"url\":\"https:\\\/\\\/www.fewo-lilienstein.de\\\/preise\\\/\",\"name\":\"Preise &#8226; Ferienwohnung am Lilienstein\",\"isPartOf\":{\"@id\":\"https:\\\/\\\/www.fewo-lilienstein.de\\\/#website\"},\"datePublished\":\"2017-06-14T12:19:14+00:00\",\"dateModified\":\"2026-01-06T07:31:55+00:00\",\"breadcrumb\":{\"@id\":\"https:\\\/\\\/www.fewo-lilienstein.de\\\/preise\\\/#breadcrumb\"},\"inLanguage\":\"en-GB\",\"potentialAction\":[{\"@type\":\"ReadAction\",\"target\":[\"https:\\\/\\\/www.fewo-lilienstein.de\\\/preise\\\/\"]}]},{\"@type\":\"BreadcrumbList\",\"@id\":\"https:\\\/\\\/www.fewo-lilienstein.de\\\/preise\\\/#breadcrumb\",\"itemListElement\":[{\"@type\":\"ListItem\",\"position\":1,\"name\":\"Startseite\",\"item\":\"https:\\\/\\\/www.fewo-lilienstein.de\\\/\"},{\"@type\":\"ListItem\",\"position\":2,\"name\":\"Preise\"}]},{\"@type\":\"WebSite\",\"@id\":\"https:\\\/\\\/www.fewo-lilienstein.de\\\/#website\",\"url\":\"https:\\\/\\\/www.fewo-lilienstein.de\\\/\",\"name\":\"Ferienwohnung am Lilienstein - S\u00e4chsische Schweiz\",\"description\":\"Blick zum Lilienstein in der Elbschleife\",\"publisher\":{\"@id\":\"https:\\\/\\\/www.fewo-lilienstein.de\\\/#organization\"},\"potentialAction\":[{\"@type\":\"SearchAction\",\"target\":{\"@type\":\"EntryPoint\",\"urlTemplate\":\"https:\\\/\\\/www.fewo-lilienstein.de\\\/?s={search_term_string}\"},\"query-input\":{\"@type\":\"PropertyValueSpecification\",\"valueRequired\":true,\"valueName\":\"search_term_string\"}}],\"inLanguage\":\"en-GB\"},{\"@type\":\"Organization\",\"@id\":\"https:\\\/\\\/www.fewo-lilienstein.de\\\/#organization\",\"name\":\"Ferienwohnung am Lilienstein - S\u00e4chsische Schweiz\",\"url\":\"https:\\\/\\\/www.fewo-lilienstein.de\\\/\",\"logo\":{\"@type\":\"ImageObject\",\"inLanguage\":\"en-GB\",\"@id\":\"https:\\\/\\\/www.fewo-lilienstein.de\\\/#\\\/schema\\\/logo\\\/image\\\/\",\"url\":\"https:\\\/\\\/www.fewo-lilienstein.de\\\/wp-content\\\/uploads\\\/2017\\\/09\\\/MG_0336.jpg\",\"contentUrl\":\"https:\\\/\\\/www.fewo-lilienstein.de\\\/wp-content\\\/uploads\\\/2017\\\/09\\\/MG_0336.jpg\",\"width\":1800,\"height\":1200,\"caption\":\"Ferienwohnung am Lilienstein - S\u00e4chsische Schweiz\"},\"image\":{\"@id\":\"https:\\\/\\\/www.fewo-lilienstein.de\\\/#\\\/schema\\\/logo\\\/image\\\/\"}}]}<\/script>\n<!-- \/ Yoast SEO plugin. -->","yoast_head_json":{"title":"Preise &#8226; Ferienwohnung am Lilienstein","robots":{"index":"index","follow":"follow","max-snippet":"max-snippet:-1","max-image-preview":"max-image-preview:large","max-video-preview":"max-video-preview:-1"},"canonical":"https:\/\/www.fewo-lilienstein.de\/en\/preise\/","og_locale":"en_GB","og_type":"article","og_title":"Preise &#8226; Ferienwohnung am Lilienstein","og_description":"G\u00fcltig von Anfang April bis Ende Oktober Grund zur Freude! Bei uns sind alle Preise inklusive Nebenkosten und Endreinigung. Die Bettw\u00e4sche, Handt\u00fccher, Geschirrt\u00fccher sowie Tabs f\u00fcr den Geschirrsp\u00fcler werden von uns gestellt. Eine Vermietung ist ab 6 \u00dcbernachtungen m\u00f6glich. 2 Personen 3 Personen 4 Personen 5 Personen ab 80,00 \u20ac je Nacht * ab 95,00&hellip; Continue reading Preise","og_url":"https:\/\/www.fewo-lilienstein.de\/en\/preise\/","og_site_name":"Ferienwohnung am Lilienstein","article_modified_time":"2026-01-06T07:31:55+00:00","twitter_card":"summary_large_image","twitter_misc":{"Estimated reading time":"1 minute"},"schema":{"@context":"https:\/\/schema.org","@graph":[{"@type":"WebPage","@id":"https:\/\/www.fewo-lilienstein.de\/preise\/","url":"https:\/\/www.fewo-lilienstein.de\/preise\/","name":"Preise &#8226; Ferienwohnung am Lilienstein","isPartOf":{"@id":"https:\/\/www.fewo-lilienstein.de\/#website"},"datePublished":"2017-06-14T12:19:14+00:00","dateModified":"2026-01-06T07:31:55+00:00","breadcrumb":{"@id":"https:\/\/www.fewo-lilienstein.de\/preise\/#breadcrumb"},"inLanguage":"en-GB","potentialAction":[{"@type":"ReadAction","target":["https:\/\/www.fewo-lilienstein.de\/preise\/"]}]},{"@type":"BreadcrumbList","@id":"https:\/\/www.fewo-lilienstein.de\/preise\/#breadcrumb","itemListElement":[{"@type":"ListItem","position":1,"name":"Startseite","item":"https:\/\/www.fewo-lilienstein.de\/"},{"@type":"ListItem","position":2,"name":"Preise"}]},{"@type":"WebSite","@id":"https:\/\/www.fewo-lilienstein.de\/#website","url":"https:\/\/www.fewo-lilienstein.de\/","name":"Ferienwohnung am Lilienstein - S\u00e4chsische Schweiz","description":"View to Lilienstein in the loop of Elbe river","publisher":{"@id":"https:\/\/www.fewo-lilienstein.de\/#organization"},"potentialAction":[{"@type":"SearchAction","target":{"@type":"EntryPoint","urlTemplate":"https:\/\/www.fewo-lilienstein.de\/?s={search_term_string}"},"query-input":{"@type":"PropertyValueSpecification","valueRequired":true,"valueName":"search_term_string"}}],"inLanguage":"en-GB"},{"@type":"Organization","@id":"https:\/\/www.fewo-lilienstein.de\/#organization","name":"Ferienwohnung am Lilienstein - S\u00e4chsische Schweiz","url":"https:\/\/www.fewo-lilienstein.de\/","logo":{"@type":"ImageObject","inLanguage":"en-GB","@id":"https:\/\/www.fewo-lilienstein.de\/#\/schema\/logo\/image\/","url":"https:\/\/www.fewo-lilienstein.de\/wp-content\/uploads\/2017\/09\/MG_0336.jpg","contentUrl":"https:\/\/www.fewo-lilienstein.de\/wp-content\/uploads\/2017\/09\/MG_0336.jpg","width":1800,"height":1200,"caption":"Ferienwohnung am Lilienstein - S\u00e4chsische Schweiz"},"image":{"@id":"https:\/\/www.fewo-lilienstein.de\/#\/schema\/logo\/image\/"}}]}},"_links":{"self":[{"href":"https:\/\/www.fewo-lilienstein.de\/en\/wp-json\/wp\/v2\/pages\/48","targetHints":{"allow":["GET"]}}],"collection":[{"href":"https:\/\/www.fewo-lilienstein.de\/en\/wp-json\/wp\/v2\/pages"}],"about":[{"href":"https:\/\/www.fewo-lilienstein.de\/en\/wp-json\/wp\/v2\/types\/page"}],"author":[{"embeddable":true,"href":"https:\/\/www.fewo-lilienstein.de\/en\/wp-json\/wp\/v2\/users\/1"}],"replies":[{"embeddable":true,"href":"https:\/\/www.fewo-lilienstein.de\/en\/wp-json\/wp\/v2\/comments?post=48"}],"version-history":[{"count":108,"href":"https:\/\/www.fewo-lilienstein.de\/en\/wp-json\/wp\/v2\/pages\/48\/revisions"}],"predecessor-version":[{"id":676,"href":"https:\/\/www.fewo-lilienstein.de\/en\/wp-json\/wp\/v2\/pages\/48\/revisions\/676"}],"wp:attachment":[{"href":"https:\/\/www.fewo-lilienstein.de\/en\/wp-json\/wp\/v2\/media?parent=48"}],"curies":[{"name":"wp","href":"https:\/\/api.w.org\/{rel}","templated":true}]}}