{"id":2,"date":"2017-06-14T13:49:10","date_gmt":"2017-06-14T11:49:10","guid":{"rendered":"http:\/\/mieterausbau.erikherbert.de\/?page_id=2"},"modified":"2026-01-12T08:33:09","modified_gmt":"2026-01-12T07:33:09","slug":"ausstattung","status":"publish","type":"page","link":"https:\/\/www.fewo-lilienstein.de\/en\/ausstattung\/","title":{"rendered":"Facilities"},"content":{"rendered":"<p>The apartment on the ground floor has a size of 70m\u00b2. It comprises a living room with an open kitchen and two separate bedrooms, each with a modern shower and toilet.<\/p>\n\n\n<div class=\"wp-block-image\">\n<figure data-wp-context=\"{&quot;imageId&quot;:&quot;69f85b86c4f97&quot;}\" data-wp-interactive=\"core\/image\" data-wp-key=\"69f85b86c4f97\" class=\"aligncenter size-medium wp-lightbox-container\"><img loading=\"lazy\" decoding=\"async\" width=\"300\" height=\"281\" data-wp-class--hide=\"state.isContentHidden\" data-wp-class--show=\"state.isContentVisible\" data-wp-init=\"callbacks.setButtonStyles\" data-wp-on--click=\"actions.showLightbox\" data-wp-on--load=\"callbacks.setButtonStyles\" data-wp-on-window--resize=\"callbacks.setButtonStyles\" src=\"https:\/\/www.fewo-lilienstein.de\/wp-content\/uploads\/2018\/03\/Grundriss-Neu-300x281.jpg\" alt=\"\" class=\"wp-image-465\" srcset=\"https:\/\/www.fewo-lilienstein.de\/wp-content\/uploads\/2018\/03\/Grundriss-Neu-300x281.jpg 300w, https:\/\/www.fewo-lilienstein.de\/wp-content\/uploads\/2018\/03\/Grundriss-Neu-400x375.jpg 400w, https:\/\/www.fewo-lilienstein.de\/wp-content\/uploads\/2018\/03\/Grundriss-Neu.jpg 454w\" sizes=\"auto, (max-width: 300px) 100vw, 300px\" \/><button\n\t\t\tclass=\"lightbox-trigger\"\n\t\t\ttype=\"button\"\n\t\t\taria-haspopup=\"dialog\"\n\t\t\taria-label=\"Enlarge\"\n\t\t\tdata-wp-init=\"callbacks.initTriggerButton\"\n\t\t\tdata-wp-on--click=\"actions.showLightbox\"\n\t\t\tdata-wp-style--right=\"state.imageButtonRight\"\n\t\t\tdata-wp-style--top=\"state.imageButtonTop\"\n\t\t>\n\t\t\t<svg xmlns=\"http:\/\/www.w3.org\/2000\/svg\" width=\"12\" height=\"12\" fill=\"none\" viewbox=\"0 0 12 12\">\n\t\t\t\t<path fill=\"#fff\" d=\"M2 0a2 2 0 0 0-2 2v2h1.5V2a.5.5 0 0 1 .5-.5h2V0H2Zm2 10.5H2a.5.5 0 0 1-.5-.5V8H0v2a2 2 0 0 0 2 2h2v-1.5ZM8 12v-1.5h2a.5.5 0 0 0 .5-.5V8H12v2a2 2 0 0 1-2 2H8Zm2-12a2 2 0 0 1 2 2v2h-1.5V2a.5.5 0 0 0-.5-.5H8V0h2Z\" \/>\n\t\t\t<\/svg>\n\t\t<\/button><\/figure>\n<\/div>\n\n\n<p><\/p>\n\n\n\n<p>The apartment is best suited for 5 people and therefor offers enough space. An extra bed for two additional people is possible. This holiday flat is the best accommodation for your family and offers enough space to bring along your friends or grandparent. We also provide a cot and a high chair for children.<\/p>\n\n\n<div id=\"metaslider-id-285\" style=\"width: 100%;\" class=\"ml-slider-3-108-0 metaslider metaslider-flex metaslider-285 ml-slider has-onhover-arrows has-dots-onhover-navigation ms-theme-default\" role=\"region\" aria-label=\"Slideshow1\" data-height=\"480\" data-width=\"720\">\n    <div id=\"metaslider_container_285\">\n        <div id=\"metaslider_285\">\n            <ul class='slides'>\n                <li style=\"display: block; width: 100%;\" class=\"slide-295 ms-image\" aria-roledescription=\"slide\" data-date=\"2017-11-15 09:49:53\" data-filename=\"MG_0375-720x480.jpg\" data-slide-type=\"image\"><img loading=\"lazy\" decoding=\"async\" src=\"https:\/\/www.fewo-lilienstein.de\/wp-content\/uploads\/2017\/09\/MG_0375-720x480.jpg\" height=\"480\" width=\"720\" alt=\"\" class=\"slider-285 slide-295 msDefaultImage\" \/><div class=\"caption-wrap\"><div class=\"caption\"><div>The holiday apartment is on the ground floor.<\/div><\/div><\/div><\/li>\n                <li style=\"display: none; width: 100%;\" class=\"slide-293 ms-image\" aria-roledescription=\"slide\" data-date=\"2017-11-15 09:49:53\" data-filename=\"MG_0561-720x480.jpg\" data-slide-type=\"image\"><img loading=\"lazy\" decoding=\"async\" src=\"https:\/\/www.fewo-lilienstein.de\/wp-content\/uploads\/2017\/09\/MG_0561-720x480.jpg\" height=\"480\" width=\"720\" alt=\"\" class=\"slider-285 slide-293 msDefaultImage\" \/><div class=\"caption-wrap\"><div class=\"caption\"><div>The living room is directly connected to the kitchen.<\/div><\/div><\/div><\/li>\n                <li style=\"display: none; width: 100%;\" class=\"slide-296 ms-image\" aria-roledescription=\"slide\" data-date=\"2017-11-15 09:54:34\" data-filename=\"MG_0668-720x480.jpg\" data-slide-type=\"image\"><img loading=\"lazy\" decoding=\"async\" src=\"https:\/\/www.fewo-lilienstein.de\/wp-content\/uploads\/2017\/09\/MG_0668-720x480.jpg\" height=\"480\" width=\"720\" alt=\"\" class=\"slider-285 slide-296 msDefaultImage\" \/><div class=\"caption-wrap\"><div class=\"caption\"><div>We offer plenty of space thus an extra bed for 2 people.<\/div><\/div><\/div><\/li>\n            <\/ul>\n        <\/div>\n        \n    <\/div>\n<\/div>\n\n\n\n<p>The open-plan kitchen with sitting area includes an electric cooker with ceramic hob and oven, coffee machine, water heater, toaster, slicer, fridge with freezer, dishwasher and enough dishes. In the living room is a sofa-sleeper, a TV and a radio with CD player. Internet connection can be used via Wi-Fi.<br>There is a pull-out couch in the living room as well as a TV and radio with CD player. Internet connection can be used via WLAN.<\/p>\n\n\n<div id=\"metaslider-id-304\" style=\"width: 100%;\" class=\"ml-slider-3-108-0 metaslider metaslider-flex metaslider-304 ml-slider has-onhover-arrows has-dots-onhover-navigation ms-theme-default\" role=\"region\" aria-label=\"Slideshow2\" data-height=\"480\" data-width=\"720\">\n    <div id=\"metaslider_container_304\">\n        <div id=\"metaslider_304\">\n            <ul class='slides'>\n                <li style=\"display: block; width: 100%;\" class=\"slide-306 ms-image\" aria-roledescription=\"slide\" data-date=\"2017-11-15 10:25:57\" data-filename=\"MG_0642-720x480.jpg\" data-slide-type=\"image\"><img loading=\"lazy\" decoding=\"async\" src=\"https:\/\/www.fewo-lilienstein.de\/wp-content\/uploads\/2017\/09\/MG_0642-720x480.jpg\" height=\"480\" width=\"720\" alt=\"\" class=\"slider-304 slide-306 msDefaultImage\" \/><div class=\"caption-wrap\"><div class=\"caption\"><div>Our neat kitchen is completely equipped.<\/div><\/div><\/div><\/li>\n                <li style=\"display: none; width: 100%;\" class=\"slide-305 ms-image\" aria-roledescription=\"slide\" data-date=\"2017-11-15 10:25:43\" data-filename=\"MG_0571-720x480.jpg\" data-slide-type=\"image\"><img loading=\"lazy\" decoding=\"async\" src=\"https:\/\/www.fewo-lilienstein.de\/wp-content\/uploads\/2017\/09\/MG_0571-720x480.jpg\" height=\"480\" width=\"720\" alt=\"\" class=\"slider-304 slide-305 msDefaultImage\" \/><div class=\"caption-wrap\"><div class=\"caption\"><div>The eat-in kitchen with comfortable living room furniture.<\/div><\/div><\/div><\/li>\n                <li style=\"display: none; width: 100%;\" class=\"slide-307 ms-image\" aria-roledescription=\"slide\" data-date=\"2017-11-15 10:26:16\" data-filename=\"MG_0544-720x480.jpg\" data-slide-type=\"image\"><img loading=\"lazy\" decoding=\"async\" src=\"https:\/\/www.fewo-lilienstein.de\/wp-content\/uploads\/2017\/09\/MG_0544-720x480.jpg\" height=\"480\" width=\"720\" alt=\"\" class=\"slider-304 slide-307 msDefaultImage\" \/><div class=\"caption-wrap\"><div class=\"caption\"><div>You can reach the terrace directly from the parlours.<\/div><\/div><\/div><\/li>\n            <\/ul>\n        <\/div>\n        \n    <\/div>\n<\/div>\n\n\n\n<p>The bedroom 1 is located on the south side and is fitted with a king sized bed. All furniture is made of real pine wood. The appendant bathroom with shower and WC is situated directly next to the bedroom.<\/p>\n\n\n\n<p>Bedroom 2 is also furnished with a king sized bed. An additional twin sized bed for one person makes the room perfect as for instance for families. It is located to the west side. The pieces of furniture are made of pine wood. The second bathroom is directly affiliated with the bedroom and has also a shower and WC.<\/p>\n\n\n\n<p>In both bedrooms, the windows are equipped with insect screens and blackout curtains.<\/p>\n\n\n<div id=\"metaslider-id-309\" style=\"width: 100%;\" class=\"ml-slider-3-108-0 metaslider metaslider-flex metaslider-309 ml-slider has-onhover-arrows has-dots-onhover-navigation ms-theme-default\" role=\"region\" aria-label=\"Slideshow3\" data-height=\"480\" data-width=\"720\">\n    <div id=\"metaslider_container_309\">\n        <div id=\"metaslider_309\">\n            <ul class='slides'>\n                <li style=\"display: block; width: 100%;\" class=\"slide-312 ms-image\" aria-roledescription=\"slide\" data-date=\"2017-11-15 10:36:13\" data-filename=\"MG_0528-720x480.jpg\" data-slide-type=\"image\"><img loading=\"lazy\" decoding=\"async\" src=\"https:\/\/www.fewo-lilienstein.de\/wp-content\/uploads\/2018\/03\/MG_0528-720x480.jpg\" height=\"480\" width=\"720\" alt=\"\" class=\"slider-309 slide-312 msDefaultImage\" \/><div class=\"caption-wrap\"><div class=\"caption\"><div>Bedroom 1 with a king sized bed is on the south side.<\/div><\/div><\/div><\/li>\n                <li style=\"display: none; width: 100%;\" class=\"slide-322 ms-image\" aria-roledescription=\"slide\" data-date=\"2017-11-15 10:54:06\" data-filename=\"MG_0612-720x480.jpg\" data-slide-type=\"image\"><img loading=\"lazy\" decoding=\"async\" src=\"https:\/\/www.fewo-lilienstein.de\/wp-content\/uploads\/2017\/09\/MG_0612-720x480.jpg\" height=\"480\" width=\"720\" alt=\"\" class=\"slider-309 slide-322 msDefaultImage\" \/><div class=\"caption-wrap\"><div class=\"caption\"><div>The apartment has two separate baths, both fitted with shower and WC.<\/div><\/div><\/div><\/li>\n                <li style=\"display: none; width: 100%;\" class=\"slide-321 ms-image\" aria-roledescription=\"slide\" data-date=\"2017-11-15 10:53:35\" data-filename=\"MG_0489-720x480.jpg\" data-slide-type=\"image\"><img loading=\"lazy\" decoding=\"async\" src=\"https:\/\/www.fewo-lilienstein.de\/wp-content\/uploads\/2017\/09\/MG_0489-720x480.jpg\" height=\"480\" width=\"720\" alt=\"\" class=\"slider-309 slide-321 msDefaultImage\" \/><div class=\"caption-wrap\"><div class=\"caption\"><div>Bedroom 2 has also a king sized bed and an additional single bed.<\/div><\/div><\/div><\/li>\n            <\/ul>\n        <\/div>\n        \n    <\/div>\n<\/div>\n\n\n\n<p>From the spacious living room you can step directly on the terrace. Our walnuttree donates enough shade on warm days to sit on the terrace. If you prefer the sun, you may use the lawn for sunbathing.<\/p>\n\n\n<div id=\"metaslider-id-314\" style=\"width: 100%;\" class=\"ml-slider-3-108-0 metaslider metaslider-flex metaslider-314 ml-slider has-onhover-arrows has-dots-onhover-navigation ms-theme-default\" role=\"region\" aria-label=\"Slideshow4\" data-height=\"480\" data-width=\"720\">\n    <div id=\"metaslider_container_314\">\n        <div id=\"metaslider_314\">\n            <ul class='slides'>\n                <li style=\"display: block; width: 100%;\" class=\"slide-324 ms-image\" aria-roledescription=\"slide\" data-date=\"2017-11-15 11:19:57\" data-filename=\"MG_0711-720x480.jpg\" data-slide-type=\"image\"><img loading=\"lazy\" decoding=\"async\" src=\"https:\/\/www.fewo-lilienstein.de\/wp-content\/uploads\/2017\/09\/MG_0711-720x480.jpg\" height=\"480\" width=\"720\" alt=\"\" class=\"slider-314 slide-324 msDefaultImage\" \/><div class=\"caption-wrap\"><div class=\"caption\"><div>On warm days our walnut-tree donates enough shades on the terrace.<\/div><\/div><\/div><\/li>\n                <li style=\"display: none; width: 100%;\" class=\"slide-328 ms-image\" aria-roledescription=\"slide\" data-date=\"2017-11-15 11:23:53\" data-filename=\"MG_0684-720x480.jpg\" data-slide-type=\"image\"><img loading=\"lazy\" decoding=\"async\" src=\"https:\/\/www.fewo-lilienstein.de\/wp-content\/uploads\/2017\/09\/MG_0684-720x480.jpg\" height=\"480\" width=\"720\" alt=\"\" class=\"slider-314 slide-328 msDefaultImage\" \/><div class=\"caption-wrap\"><div class=\"caption\"><div>You can enjoy a miraculous view to the rock Lilienstein from the terrace.<\/div><\/div><\/div><\/li>\n                <li style=\"display: none; width: 100%;\" class=\"slide-327 ms-image\" aria-roledescription=\"slide\" data-date=\"2017-11-15 11:23:23\" data-filename=\"MG_0469-720x480.jpg\" data-slide-type=\"image\"><img loading=\"lazy\" decoding=\"async\" src=\"https:\/\/www.fewo-lilienstein.de\/wp-content\/uploads\/2017\/09\/MG_0469-720x480.jpg\" height=\"480\" width=\"720\" alt=\"\" class=\"slider-314 slide-327 msDefaultImage\" \/><div class=\"caption-wrap\"><div class=\"caption\"><div>Holiday apartment at Lilienstein \u2013 you are very welcome!<\/div><\/div><\/div><\/li>\n            <\/ul>\n        <\/div>\n        \n    <\/div>\n<\/div>\n\n\n\n<h3 class=\"wp-block-heading\">Additional features<\/h3>\n\n\n\n<ul class=\"wp-block-list\">\n<li>\n<ul class=\"wp-block-list\">\n<li><span class=\"mark\">Sandpit for children, swing and children\u2019s slide<\/span><\/li>\n\n\n\n<li><span class=\"mark\">barbeque, campfire place<\/span><\/li>\n\n\n\n<li><span class=\"mark\">The parking lot is directly at the house<\/span><\/li>\n\n\n\n<li><span class=\"mark\">A hotel restaurant is only 150m away from the holiday apartment<br><\/span><\/li>\n\n\n\n<li><span class=\"mark\">In the morning you can buy fresh and warm bread rolls at a baker`s close by<\/span><\/li>\n<\/ul>\n<\/li>\n<\/ul>\n\n\n<div id=\"metaslider-id-478\" style=\"width: 100%;\" class=\"ml-slider-3-108-0 metaslider metaslider-flex metaslider-478 ml-slider has-onhover-arrows has-dots-onhover-navigation ms-theme-default\" role=\"region\" aria-label=\"Slideshow6\" data-height=\"480\" data-width=\"720\">\n    <div id=\"metaslider_container_478\">\n        <div id=\"metaslider_478\">\n            <ul class='slides'>\n                <li style=\"display: block; width: 100%;\" class=\"slide-479 ms-image\" aria-roledescription=\"slide\" data-date=\"2018-03-12 09:15:43\" data-filename=\"P1070112_preview-720x480.jpeg\" data-slide-type=\"image\"><img loading=\"lazy\" decoding=\"async\" src=\"https:\/\/www.fewo-lilienstein.de\/wp-content\/uploads\/2018\/03\/P1070112_preview-720x480.jpeg\" height=\"480\" width=\"720\" alt=\"\" class=\"slider-478 slide-479 msDefaultImage\" title=\"P1070112_preview\" \/><div class=\"caption-wrap\"><div class=\"caption\"><div>Enough space to play for old and young.<\/div><\/div><\/div><\/li>\n                <li style=\"display: none; width: 100%;\" class=\"slide-480 ms-image\" aria-roledescription=\"slide\" data-date=\"2018-03-12 09:17:08\" data-filename=\"MG_0698-720x480.jpg\" data-slide-type=\"image\"><img loading=\"lazy\" decoding=\"async\" src=\"https:\/\/www.fewo-lilienstein.de\/wp-content\/uploads\/2017\/09\/MG_0698-720x480.jpg\" height=\"480\" width=\"720\" alt=\"\" class=\"slider-478 slide-480 msDefaultImage\" title=\"_MG_0698\" \/><div class=\"caption-wrap\"><div class=\"caption\"><div>View from the terrace at the scenery of rock Kleinhennersdorfer Stein, rock Papststein and rock Gohrisch.<\/div><\/div><\/div><\/li>\n                <li style=\"display: none; width: 100%;\" class=\"slide-481 ms-image\" aria-roledescription=\"slide\" data-date=\"2018-03-12 09:20:14\" data-filename=\"Drohne-02-720x480.jpg\" data-slide-type=\"image\"><img loading=\"lazy\" decoding=\"async\" src=\"https:\/\/www.fewo-lilienstein.de\/wp-content\/uploads\/2017\/09\/Drohne-02-720x480.jpg\" height=\"480\" width=\"720\" alt=\"\" class=\"slider-478 slide-481 msDefaultImage\" title=\"Drohne 02\" \/><div class=\"caption-wrap\"><div class=\"caption\"><div>Look at our holiday apartment.<\/div><\/div><\/div><\/li>\n            <\/ul>\n        <\/div>\n        \n    <\/div>\n<\/div>","protected":false},"excerpt":{"rendered":"<p>Die im Erdgeschoss befindliche Ferienwohnung hat eine Gr\u00f6\u00dfe von 70m\u00b2. Sie umfasst ein Wohnzimmer mit offener K\u00fcche und zwei voneinander getrennte Schlafzimmer mit jeweils moderner Dusche und WC. Die Ferienwohnung ist f\u00fcr 5 Personen ausgelegt und bietet damit gen\u00fcgend Platz. Eine Aufbettung +2 Personen ist m\u00f6glich. Damit steht der Anreise von Familien mit Begleitung, wie&hellip; <a href=\"https:\/\/www.fewo-lilienstein.de\/en\/ausstattung\/\" class=\"more-link\">Continue reading <span class=\"screen-reader-text\">Facilities<\/span><\/a><\/p>","protected":false},"author":1,"featured_media":0,"parent":0,"menu_order":0,"comment_status":"closed","ping_status":"open","template":"","meta":{"footnotes":""},"class_list":["post-2","page","type-page","status-publish","hentry"],"yoast_head":"<!-- This site is optimized with the Yoast SEO plugin v27.5 - https:\/\/yoast.com\/product\/yoast-seo-wordpress\/ -->\n<title>Ausstattung &#8226; Ferienwohnung am Lilienstein<\/title>\n<meta name=\"robots\" content=\"index, follow, max-snippet:-1, max-image-preview:large, max-video-preview:-1\" \/>\n<link rel=\"canonical\" href=\"https:\/\/www.fewo-lilienstein.de\/en\/ausstattung\/\" \/>\n<meta property=\"og:locale\" content=\"en_GB\" \/>\n<meta property=\"og:type\" content=\"article\" \/>\n<meta property=\"og:title\" content=\"Ausstattung &#8226; Ferienwohnung am Lilienstein\" \/>\n<meta property=\"og:description\" content=\"Die im Erdgeschoss befindliche Ferienwohnung hat eine Gr\u00f6\u00dfe von 70m\u00b2. Sie umfasst ein Wohnzimmer mit offener K\u00fcche und zwei voneinander getrennte Schlafzimmer mit jeweils moderner Dusche und WC. Die Ferienwohnung ist f\u00fcr 5 Personen ausgelegt und bietet damit gen\u00fcgend Platz. Eine Aufbettung +2 Personen ist m\u00f6glich. Damit steht der Anreise von Familien mit Begleitung, wie&hellip; Continue reading Ausstattung\" \/>\n<meta property=\"og:url\" content=\"https:\/\/www.fewo-lilienstein.de\/en\/ausstattung\/\" \/>\n<meta property=\"og:site_name\" content=\"Ferienwohnung am Lilienstein\" \/>\n<meta property=\"article:modified_time\" content=\"2026-01-12T07:33:09+00:00\" \/>\n<meta property=\"og:image\" content=\"https:\/\/www.fewo-lilienstein.de\/wp-content\/uploads\/2018\/03\/Grundriss-Neu.jpg\" \/>\n\t<meta property=\"og:image:width\" content=\"454\" \/>\n\t<meta property=\"og:image:height\" content=\"426\" \/>\n\t<meta property=\"og:image:type\" content=\"image\/jpeg\" \/>\n<meta name=\"twitter:card\" content=\"summary_large_image\" \/>\n<meta name=\"twitter:label1\" content=\"Estimated reading time\" \/>\n\t<meta name=\"twitter:data1\" content=\"2 minutes\" \/>\n<script type=\"application\/ld+json\" class=\"yoast-schema-graph\">{\"@context\":\"https:\\\/\\\/schema.org\",\"@graph\":[{\"@type\":\"WebPage\",\"@id\":\"https:\\\/\\\/www.fewo-lilienstein.de\\\/ausstattung\\\/\",\"url\":\"https:\\\/\\\/www.fewo-lilienstein.de\\\/ausstattung\\\/\",\"name\":\"Ausstattung &#8226; Ferienwohnung am Lilienstein\",\"isPartOf\":{\"@id\":\"https:\\\/\\\/www.fewo-lilienstein.de\\\/#website\"},\"primaryImageOfPage\":{\"@id\":\"https:\\\/\\\/www.fewo-lilienstein.de\\\/ausstattung\\\/#primaryimage\"},\"image\":{\"@id\":\"https:\\\/\\\/www.fewo-lilienstein.de\\\/ausstattung\\\/#primaryimage\"},\"thumbnailUrl\":\"https:\\\/\\\/www.fewo-lilienstein.de\\\/wp-content\\\/uploads\\\/2018\\\/03\\\/Grundriss-Neu-300x281.jpg\",\"datePublished\":\"2017-06-14T11:49:10+00:00\",\"dateModified\":\"2026-01-12T07:33:09+00:00\",\"breadcrumb\":{\"@id\":\"https:\\\/\\\/www.fewo-lilienstein.de\\\/ausstattung\\\/#breadcrumb\"},\"inLanguage\":\"en-GB\",\"potentialAction\":[{\"@type\":\"ReadAction\",\"target\":[\"https:\\\/\\\/www.fewo-lilienstein.de\\\/ausstattung\\\/\"]}]},{\"@type\":\"ImageObject\",\"inLanguage\":\"en-GB\",\"@id\":\"https:\\\/\\\/www.fewo-lilienstein.de\\\/ausstattung\\\/#primaryimage\",\"url\":\"https:\\\/\\\/www.fewo-lilienstein.de\\\/wp-content\\\/uploads\\\/2018\\\/03\\\/Grundriss-Neu-300x281.jpg\",\"contentUrl\":\"https:\\\/\\\/www.fewo-lilienstein.de\\\/wp-content\\\/uploads\\\/2018\\\/03\\\/Grundriss-Neu-300x281.jpg\"},{\"@type\":\"BreadcrumbList\",\"@id\":\"https:\\\/\\\/www.fewo-lilienstein.de\\\/ausstattung\\\/#breadcrumb\",\"itemListElement\":[{\"@type\":\"ListItem\",\"position\":1,\"name\":\"Startseite\",\"item\":\"https:\\\/\\\/www.fewo-lilienstein.de\\\/\"},{\"@type\":\"ListItem\",\"position\":2,\"name\":\"Ausstattung\"}]},{\"@type\":\"WebSite\",\"@id\":\"https:\\\/\\\/www.fewo-lilienstein.de\\\/#website\",\"url\":\"https:\\\/\\\/www.fewo-lilienstein.de\\\/\",\"name\":\"Ferienwohnung am Lilienstein - S\u00e4chsische Schweiz\",\"description\":\"Blick zum Lilienstein in der Elbschleife\",\"publisher\":{\"@id\":\"https:\\\/\\\/www.fewo-lilienstein.de\\\/#organization\"},\"potentialAction\":[{\"@type\":\"SearchAction\",\"target\":{\"@type\":\"EntryPoint\",\"urlTemplate\":\"https:\\\/\\\/www.fewo-lilienstein.de\\\/?s={search_term_string}\"},\"query-input\":{\"@type\":\"PropertyValueSpecification\",\"valueRequired\":true,\"valueName\":\"search_term_string\"}}],\"inLanguage\":\"en-GB\"},{\"@type\":\"Organization\",\"@id\":\"https:\\\/\\\/www.fewo-lilienstein.de\\\/#organization\",\"name\":\"Ferienwohnung am Lilienstein - S\u00e4chsische Schweiz\",\"url\":\"https:\\\/\\\/www.fewo-lilienstein.de\\\/\",\"logo\":{\"@type\":\"ImageObject\",\"inLanguage\":\"en-GB\",\"@id\":\"https:\\\/\\\/www.fewo-lilienstein.de\\\/#\\\/schema\\\/logo\\\/image\\\/\",\"url\":\"https:\\\/\\\/www.fewo-lilienstein.de\\\/wp-content\\\/uploads\\\/2017\\\/09\\\/MG_0336.jpg\",\"contentUrl\":\"https:\\\/\\\/www.fewo-lilienstein.de\\\/wp-content\\\/uploads\\\/2017\\\/09\\\/MG_0336.jpg\",\"width\":1800,\"height\":1200,\"caption\":\"Ferienwohnung am Lilienstein - S\u00e4chsische Schweiz\"},\"image\":{\"@id\":\"https:\\\/\\\/www.fewo-lilienstein.de\\\/#\\\/schema\\\/logo\\\/image\\\/\"}}]}<\/script>\n<!-- \/ Yoast SEO plugin. -->","yoast_head_json":{"title":"Ausstattung &#8226; Ferienwohnung am Lilienstein","robots":{"index":"index","follow":"follow","max-snippet":"max-snippet:-1","max-image-preview":"max-image-preview:large","max-video-preview":"max-video-preview:-1"},"canonical":"https:\/\/www.fewo-lilienstein.de\/en\/ausstattung\/","og_locale":"en_GB","og_type":"article","og_title":"Ausstattung &#8226; Ferienwohnung am Lilienstein","og_description":"Die im Erdgeschoss befindliche Ferienwohnung hat eine Gr\u00f6\u00dfe von 70m\u00b2. Sie umfasst ein Wohnzimmer mit offener K\u00fcche und zwei voneinander getrennte Schlafzimmer mit jeweils moderner Dusche und WC. Die Ferienwohnung ist f\u00fcr 5 Personen ausgelegt und bietet damit gen\u00fcgend Platz. Eine Aufbettung +2 Personen ist m\u00f6glich. Damit steht der Anreise von Familien mit Begleitung, wie&hellip; Continue reading Ausstattung","og_url":"https:\/\/www.fewo-lilienstein.de\/en\/ausstattung\/","og_site_name":"Ferienwohnung am Lilienstein","article_modified_time":"2026-01-12T07:33:09+00:00","og_image":[{"width":454,"height":426,"url":"https:\/\/www.fewo-lilienstein.de\/wp-content\/uploads\/2018\/03\/Grundriss-Neu.jpg","type":"image\/jpeg"}],"twitter_card":"summary_large_image","twitter_misc":{"Estimated reading time":"2 minutes"},"schema":{"@context":"https:\/\/schema.org","@graph":[{"@type":"WebPage","@id":"https:\/\/www.fewo-lilienstein.de\/ausstattung\/","url":"https:\/\/www.fewo-lilienstein.de\/ausstattung\/","name":"Ausstattung &#8226; Ferienwohnung am Lilienstein","isPartOf":{"@id":"https:\/\/www.fewo-lilienstein.de\/#website"},"primaryImageOfPage":{"@id":"https:\/\/www.fewo-lilienstein.de\/ausstattung\/#primaryimage"},"image":{"@id":"https:\/\/www.fewo-lilienstein.de\/ausstattung\/#primaryimage"},"thumbnailUrl":"https:\/\/www.fewo-lilienstein.de\/wp-content\/uploads\/2018\/03\/Grundriss-Neu-300x281.jpg","datePublished":"2017-06-14T11:49:10+00:00","dateModified":"2026-01-12T07:33:09+00:00","breadcrumb":{"@id":"https:\/\/www.fewo-lilienstein.de\/ausstattung\/#breadcrumb"},"inLanguage":"en-GB","potentialAction":[{"@type":"ReadAction","target":["https:\/\/www.fewo-lilienstein.de\/ausstattung\/"]}]},{"@type":"ImageObject","inLanguage":"en-GB","@id":"https:\/\/www.fewo-lilienstein.de\/ausstattung\/#primaryimage","url":"https:\/\/www.fewo-lilienstein.de\/wp-content\/uploads\/2018\/03\/Grundriss-Neu-300x281.jpg","contentUrl":"https:\/\/www.fewo-lilienstein.de\/wp-content\/uploads\/2018\/03\/Grundriss-Neu-300x281.jpg"},{"@type":"BreadcrumbList","@id":"https:\/\/www.fewo-lilienstein.de\/ausstattung\/#breadcrumb","itemListElement":[{"@type":"ListItem","position":1,"name":"Startseite","item":"https:\/\/www.fewo-lilienstein.de\/"},{"@type":"ListItem","position":2,"name":"Ausstattung"}]},{"@type":"WebSite","@id":"https:\/\/www.fewo-lilienstein.de\/#website","url":"https:\/\/www.fewo-lilienstein.de\/","name":"Ferienwohnung am Lilienstein - S\u00e4chsische Schweiz","description":"View to Lilienstein in the loop of Elbe river","publisher":{"@id":"https:\/\/www.fewo-lilienstein.de\/#organization"},"potentialAction":[{"@type":"SearchAction","target":{"@type":"EntryPoint","urlTemplate":"https:\/\/www.fewo-lilienstein.de\/?s={search_term_string}"},"query-input":{"@type":"PropertyValueSpecification","valueRequired":true,"valueName":"search_term_string"}}],"inLanguage":"en-GB"},{"@type":"Organization","@id":"https:\/\/www.fewo-lilienstein.de\/#organization","name":"Ferienwohnung am Lilienstein - S\u00e4chsische Schweiz","url":"https:\/\/www.fewo-lilienstein.de\/","logo":{"@type":"ImageObject","inLanguage":"en-GB","@id":"https:\/\/www.fewo-lilienstein.de\/#\/schema\/logo\/image\/","url":"https:\/\/www.fewo-lilienstein.de\/wp-content\/uploads\/2017\/09\/MG_0336.jpg","contentUrl":"https:\/\/www.fewo-lilienstein.de\/wp-content\/uploads\/2017\/09\/MG_0336.jpg","width":1800,"height":1200,"caption":"Ferienwohnung am Lilienstein - S\u00e4chsische Schweiz"},"image":{"@id":"https:\/\/www.fewo-lilienstein.de\/#\/schema\/logo\/image\/"}}]}},"_links":{"self":[{"href":"https:\/\/www.fewo-lilienstein.de\/en\/wp-json\/wp\/v2\/pages\/2","targetHints":{"allow":["GET"]}}],"collection":[{"href":"https:\/\/www.fewo-lilienstein.de\/en\/wp-json\/wp\/v2\/pages"}],"about":[{"href":"https:\/\/www.fewo-lilienstein.de\/en\/wp-json\/wp\/v2\/types\/page"}],"author":[{"embeddable":true,"href":"https:\/\/www.fewo-lilienstein.de\/en\/wp-json\/wp\/v2\/users\/1"}],"replies":[{"embeddable":true,"href":"https:\/\/www.fewo-lilienstein.de\/en\/wp-json\/wp\/v2\/comments?post=2"}],"version-history":[{"count":97,"href":"https:\/\/www.fewo-lilienstein.de\/en\/wp-json\/wp\/v2\/pages\/2\/revisions"}],"predecessor-version":[{"id":684,"href":"https:\/\/www.fewo-lilienstein.de\/en\/wp-json\/wp\/v2\/pages\/2\/revisions\/684"}],"wp:attachment":[{"href":"https:\/\/www.fewo-lilienstein.de\/en\/wp-json\/wp\/v2\/media?parent=2"}],"curies":[{"name":"wp","href":"https:\/\/api.w.org\/{rel}","templated":true}]}}